{"id":8,"date":"2023-06-11T08:25:02","date_gmt":"2023-06-11T08:25:02","guid":{"rendered":"https:\/\/metallbau-wetter.de\/?page_id=8"},"modified":"2023-06-23T07:35:09","modified_gmt":"2023-06-23T07:35:09","slug":"startseite","status":"publish","type":"page","link":"https:\/\/metallbau-wetter.de\/?page_id=8","title":{"rendered":"Wir \u00fcber uns"},"content":{"rendered":"\t\t<div data-elementor-type=\"wp-post\" data-elementor-id=\"8\" class=\"elementor elementor-8\" data-elementor-post-type=\"page\">\n\t\t\t\t\t\t\t<div class=\"elementor-element elementor-element-23455f0 e-flex e-con-boxed e-con\" data-id=\"23455f0\" data-element_type=\"container\" data-settings=\"{&quot;content_width&quot;:&quot;boxed&quot;}\">\n\t\t\t\t\t<div class=\"e-con-inner\">\n\t\t<div class=\"elementor-element elementor-element-1efb4be e-con-full e-flex e-con\" data-id=\"1efb4be\" data-element_type=\"container\" data-settings=\"{&quot;content_width&quot;:&quot;full&quot;}\">\n\t\t\t\t<div class=\"elementor-element elementor-element-7e871da elementor-widget elementor-widget-image\" data-id=\"7e871da\" data-element_type=\"widget\" data-widget_type=\"image.default\">\n\t\t\t\t<div class=\"elementor-widget-container\">\n\t\t\t<style>\/*! elementor - v3.14.0 - 18-06-2023 *\/\n.elementor-widget-image{text-align:center}.elementor-widget-image a{display:inline-block}.elementor-widget-image a img[src$=\".svg\"]{width:48px}.elementor-widget-image img{vertical-align:middle;display:inline-block}<\/style>\t\t\t\t\t\t\t\t\t\t\t\t<img decoding=\"async\" width=\"800\" height=\"571\" src=\"https:\/\/metallbau-wetter.de\/wp-content\/uploads\/2023\/06\/AdobeStock_145248557-1024x731.jpg\" class=\"attachment-large size-large wp-image-231\" alt=\"\" loading=\"lazy\" srcset=\"https:\/\/metallbau-wetter.de\/wp-content\/uploads\/2023\/06\/AdobeStock_145248557-1024x731.jpg 1024w, https:\/\/metallbau-wetter.de\/wp-content\/uploads\/2023\/06\/AdobeStock_145248557-300x214.jpg 300w, https:\/\/metallbau-wetter.de\/wp-content\/uploads\/2023\/06\/AdobeStock_145248557-768x549.jpg 768w, https:\/\/metallbau-wetter.de\/wp-content\/uploads\/2023\/06\/AdobeStock_145248557-1536x1097.jpg 1536w, https:\/\/metallbau-wetter.de\/wp-content\/uploads\/2023\/06\/AdobeStock_145248557-2048x1463.jpg 2048w\" sizes=\"(max-width: 800px) 100vw, 800px\" \/>\t\t\t\t\t\t\t\t\t\t\t\t\t\t\t<\/div>\n\t\t\t\t<\/div>\n\t\t\t\t<\/div>\n\t\t<div class=\"elementor-element elementor-element-6a751ca e-con-full e-flex e-con\" data-id=\"6a751ca\" data-element_type=\"container\" data-settings=\"{&quot;content_width&quot;:&quot;full&quot;}\">\n\t\t\t\t<div class=\"elementor-element elementor-element-ca2c2e0 elementor-widget elementor-widget-text-editor\" data-id=\"ca2c2e0\" data-element_type=\"widget\" data-widget_type=\"text-editor.default\">\n\t\t\t\t<div class=\"elementor-widget-container\">\n\t\t\t<style>\/*! elementor - v3.14.0 - 18-06-2023 *\/\n.elementor-widget-text-editor.elementor-drop-cap-view-stacked .elementor-drop-cap{background-color:#69727d;color:#fff}.elementor-widget-text-editor.elementor-drop-cap-view-framed .elementor-drop-cap{color:#69727d;border:3px solid;background-color:transparent}.elementor-widget-text-editor:not(.elementor-drop-cap-view-default) .elementor-drop-cap{margin-top:8px}.elementor-widget-text-editor:not(.elementor-drop-cap-view-default) .elementor-drop-cap-letter{width:1em;height:1em}.elementor-widget-text-editor .elementor-drop-cap{float:left;text-align:center;line-height:1;font-size:50px}.elementor-widget-text-editor .elementor-drop-cap-letter{display:inline-block}<\/style>\t\t\t\t<p>Wir sind ein erfahrenes Team von Metallbau-Spezialisten, das seit vielen Jahren hochwertige und individuelle L\u00f6sungen f\u00fcr unsere Kunden anbietet. Vom Entwurf bis zur Fertigung und Montage legen wir gr\u00f6\u00dften Wert auf Qualit\u00e4t, Pr\u00e4zision und Zuverl\u00e4ssigkeit.<\/p><p>Unsere Kunden sch\u00e4tzen unsere umfassende Beratung und Unterst\u00fctzung in allen Phasen des Projekts und vertrauen auf unser Know-how und unsere Erfahrung. Wir fertigen\u00a0 f\u00fcr jede Anforderung ma\u00dfgeschneiderte L\u00f6sungen in h\u00f6chster handwerklicher Qualit\u00e4t. Egal ob Fenster und T\u00fcren, Balkon- und Treppengel\u00e4nder, Carports oder individuelle Stahlkonstruktionen &#8211; bei uns sind Sie immer in den besten H\u00e4nden.<\/p><p>\u00dcberzeugen Sie sich selbst von unserer Kompetenz und Erfahrung und lassen Sie uns gemeinsam Ihr individuelles Projekt in die Realit\u00e4t umsetzen. Wir freuen uns auf Ihre Anfrage!<\/p>\t\t\t\t\t\t<\/div>\n\t\t\t\t<\/div>\n\t\t\t\t<\/div>\n\t\t\t\t\t<\/div>\n\t\t\t\t<\/div>\n\t\t<div class=\"elementor-element elementor-element-03bec39 e-flex e-con-boxed e-con\" data-id=\"03bec39\" data-element_type=\"container\" data-settings=\"{&quot;content_width&quot;:&quot;boxed&quot;}\">\n\t\t\t\t\t<div class=\"e-con-inner\">\n\t\t<div class=\"elementor-element elementor-element-04f7b7a e-con-full e-flex e-con\" data-id=\"04f7b7a\" data-element_type=\"container\" data-settings=\"{&quot;content_width&quot;:&quot;full&quot;}\">\n\t\t\t\t<div class=\"elementor-element elementor-element-4ebe90d elementor-widget elementor-widget-image\" data-id=\"4ebe90d\" data-element_type=\"widget\" data-widget_type=\"image.default\">\n\t\t\t\t<div class=\"elementor-widget-container\">\n\t\t\t\t\t\t\t\t\t\t\t\t\t\t\t<img decoding=\"async\" width=\"150\" height=\"189\" src=\"https:\/\/metallbau-wetter.de\/wp-content\/uploads\/2023\/06\/zertifikat-klein.png\" class=\"attachment-large size-large wp-image-230\" alt=\"\" loading=\"lazy\" \/>\t\t\t\t\t\t\t\t\t\t\t\t\t\t\t<\/div>\n\t\t\t\t<\/div>\n\t\t\t\t<\/div>\n\t\t<div class=\"elementor-element elementor-element-44c93a8 e-con-full e-flex e-con\" data-id=\"44c93a8\" data-element_type=\"container\" data-settings=\"{&quot;content_width&quot;:&quot;full&quot;}\">\n\t\t\t\t<div class=\"elementor-element elementor-element-159273b elementor-widget elementor-widget-image\" data-id=\"159273b\" data-element_type=\"widget\" data-widget_type=\"image.default\">\n\t\t\t\t<div class=\"elementor-widget-container\">\n\t\t\t\t\t\t\t\t\t\t\t\t\t\t\t<img decoding=\"async\" width=\"134\" height=\"120\" src=\"https:\/\/metallbau-wetter.de\/wp-content\/uploads\/2023\/06\/3834.jpg\" class=\"attachment-large size-large wp-image-227\" alt=\"\" loading=\"lazy\" \/>\t\t\t\t\t\t\t\t\t\t\t\t\t\t\t<\/div>\n\t\t\t\t<\/div>\n\t\t\t\t<\/div>\n\t\t<div class=\"elementor-element elementor-element-cd56053 e-con-full e-flex e-con\" data-id=\"cd56053\" data-element_type=\"container\" data-settings=\"{&quot;content_width&quot;:&quot;full&quot;}\">\n\t\t\t\t<div class=\"elementor-element elementor-element-13eb3da elementor-widget elementor-widget-image\" data-id=\"13eb3da\" data-element_type=\"widget\" data-widget_type=\"image.default\">\n\t\t\t\t<div class=\"elementor-widget-container\">\n\t\t\t\t\t\t\t\t\t\t\t\t\t\t\t<img decoding=\"async\" width=\"134\" height=\"129\" src=\"https:\/\/metallbau-wetter.de\/wp-content\/uploads\/2023\/06\/1090.jpg\" class=\"attachment-large size-large wp-image-226\" alt=\"\" loading=\"lazy\" \/>\t\t\t\t\t\t\t\t\t\t\t\t\t\t\t<\/div>\n\t\t\t\t<\/div>\n\t\t\t\t<\/div>\n\t\t<div class=\"elementor-element elementor-element-94cd42f e-con-full e-flex e-con\" data-id=\"94cd42f\" data-element_type=\"container\" data-settings=\"{&quot;content_width&quot;:&quot;full&quot;}\">\n\t\t\t\t<\/div>\n\t\t<div class=\"elementor-element elementor-element-1498809 e-con-full e-flex e-con\" data-id=\"1498809\" data-element_type=\"container\" data-settings=\"{&quot;content_width&quot;:&quot;full&quot;}\">\n\t\t\t\t<\/div>\n\t\t<div class=\"elementor-element elementor-element-d53084a e-con-full e-flex e-con\" data-id=\"d53084a\" data-element_type=\"container\" data-settings=\"{&quot;content_width&quot;:&quot;full&quot;}\">\n\t\t\t\t<\/div>\n\t\t\t\t\t<\/div>\n\t\t\t\t<\/div>\n\t\t\t\t\t\t\t<\/div>\n\t\t","protected":false},"excerpt":{"rendered":"<p>Wir sind ein erfahrenes Team von Metallbau-Spezialisten, das seit vielen Jahren hochwertige und individuelle L\u00f6sungen f\u00fcr unsere Kunden anbietet. Vom Entwurf bis zur Fertigung und Montage legen wir gr\u00f6\u00dften Wert auf Qualit\u00e4t, Pr\u00e4zision und Zuverl\u00e4ssigkeit. Unsere Kunden sch\u00e4tzen unsere umfassende Beratung und Unterst\u00fctzung in allen Phasen des Projekts und vertrauen auf unser Know-how und unsere [&hellip;]<\/p>\n","protected":false},"author":1,"featured_media":0,"parent":0,"menu_order":0,"comment_status":"closed","ping_status":"closed","template":"","meta":[],"_links":{"self":[{"href":"https:\/\/metallbau-wetter.de\/index.php?rest_route=\/wp\/v2\/pages\/8"}],"collection":[{"href":"https:\/\/metallbau-wetter.de\/index.php?rest_route=\/wp\/v2\/pages"}],"about":[{"href":"https:\/\/metallbau-wetter.de\/index.php?rest_route=\/wp\/v2\/types\/page"}],"author":[{"embeddable":true,"href":"https:\/\/metallbau-wetter.de\/index.php?rest_route=\/wp\/v2\/users\/1"}],"replies":[{"embeddable":true,"href":"https:\/\/metallbau-wetter.de\/index.php?rest_route=%2Fwp%2Fv2%2Fcomments&post=8"}],"version-history":[{"count":13,"href":"https:\/\/metallbau-wetter.de\/index.php?rest_route=\/wp\/v2\/pages\/8\/revisions"}],"predecessor-version":[{"id":237,"href":"https:\/\/metallbau-wetter.de\/index.php?rest_route=\/wp\/v2\/pages\/8\/revisions\/237"}],"wp:attachment":[{"href":"https:\/\/metallbau-wetter.de\/index.php?rest_route=%2Fwp%2Fv2%2Fmedia&parent=8"}],"curies":[{"name":"wp","href":"https:\/\/api.w.org\/{rel}","templated":true}]}}