{"id":59,"date":"2023-06-11T09:32:19","date_gmt":"2023-06-11T09:32:19","guid":{"rendered":"https:\/\/metallbau-wetter.de\/?page_id=59"},"modified":"2023-06-18T14:21:53","modified_gmt":"2023-06-18T14:21:53","slug":"leistungen","status":"publish","type":"page","link":"https:\/\/metallbau-wetter.de\/?page_id=59","title":{"rendered":"Leistungen"},"content":{"rendered":"\t\t<div data-elementor-type=\"wp-page\" data-elementor-id=\"59\" class=\"elementor elementor-59\" data-elementor-post-type=\"page\">\n\t\t\t\t\t\t\t<div class=\"elementor-element elementor-element-9cd80a5 e-grid e-con-boxed e-con\" data-id=\"9cd80a5\" data-element_type=\"container\" data-settings=\"{&quot;grid_columns_grid&quot;:{&quot;unit&quot;:&quot;fr&quot;,&quot;size&quot;:&quot;3&quot;,&quot;sizes&quot;:[]},&quot;grid_rows_grid&quot;:{&quot;unit&quot;:&quot;fr&quot;,&quot;size&quot;:&quot;2&quot;,&quot;sizes&quot;:[]},&quot;grid_rows_grid_mobile&quot;:{&quot;unit&quot;:&quot;fr&quot;,&quot;size&quot;:&quot;2&quot;,&quot;sizes&quot;:[]},&quot;content_width&quot;:&quot;boxed&quot;,&quot;grid_outline&quot;:&quot;yes&quot;,&quot;grid_columns_grid_tablet&quot;:{&quot;unit&quot;:&quot;fr&quot;,&quot;size&quot;:&quot;&quot;,&quot;sizes&quot;:[]},&quot;grid_columns_grid_mobile&quot;:{&quot;unit&quot;:&quot;fr&quot;,&quot;size&quot;:1,&quot;sizes&quot;:[]},&quot;grid_rows_grid_tablet&quot;:{&quot;unit&quot;:&quot;fr&quot;,&quot;size&quot;:&quot;&quot;,&quot;sizes&quot;:[]}}\">\n\t\t\t\t\t<div class=\"e-con-inner\">\n\t\t\t\t<div class=\"elementor-element elementor-element-a6e3408 elementor-widget elementor-widget-image\" data-id=\"a6e3408\" data-element_type=\"widget\" data-widget_type=\"image.default\">\n\t\t\t\t<div class=\"elementor-widget-container\">\n\t\t\t<style>\/*! elementor - v3.14.0 - 18-06-2023 *\/\n.elementor-widget-image{text-align:center}.elementor-widget-image a{display:inline-block}.elementor-widget-image a img[src$=\".svg\"]{width:48px}.elementor-widget-image img{vertical-align:middle;display:inline-block}<\/style>\t\t\t\t\t\t\t\t\t<figure class=\"wp-caption\">\n\t\t\t\t\t\t\t\t\t\t<img decoding=\"async\" width=\"594\" height=\"342\" src=\"https:\/\/metallbau-wetter.de\/wp-content\/uploads\/2023\/06\/leistung-1-Kopie.jpg\" class=\"attachment-large size-large wp-image-205\" alt=\"\" loading=\"lazy\" srcset=\"https:\/\/metallbau-wetter.de\/wp-content\/uploads\/2023\/06\/leistung-1-Kopie.jpg 594w, https:\/\/metallbau-wetter.de\/wp-content\/uploads\/2023\/06\/leistung-1-Kopie-300x173.jpg 300w\" sizes=\"(max-width: 594px) 100vw, 594px\" \/>\t\t\t\t\t\t\t\t\t\t\t<figcaption class=\"widget-image-caption wp-caption-text\">Verarbeitung von Stahl, Edelstahl und Aluminium<\/figcaption>\n\t\t\t\t\t\t\t\t\t\t<\/figure>\n\t\t\t\t\t\t\t\t\t<\/div>\n\t\t\t\t<\/div>\n\t\t\t\t<div class=\"elementor-element elementor-element-063f032 elementor-widget elementor-widget-image\" data-id=\"063f032\" data-element_type=\"widget\" data-widget_type=\"image.default\">\n\t\t\t\t<div class=\"elementor-widget-container\">\n\t\t\t\t\t\t\t\t\t\t\t\t<figure class=\"wp-caption\">\n\t\t\t\t\t\t\t\t\t\t<img decoding=\"async\" width=\"594\" height=\"342\" src=\"https:\/\/metallbau-wetter.de\/wp-content\/uploads\/2023\/06\/leistung-2-Kopie.jpg\" class=\"attachment-large size-large wp-image-206\" alt=\"Dies ist ein Alternativtext\" loading=\"lazy\" srcset=\"https:\/\/metallbau-wetter.de\/wp-content\/uploads\/2023\/06\/leistung-2-Kopie.jpg 594w, https:\/\/metallbau-wetter.de\/wp-content\/uploads\/2023\/06\/leistung-2-Kopie-300x173.jpg 300w\" sizes=\"(max-width: 594px) 100vw, 594px\" \/>\t\t\t\t\t\t\t\t\t\t\t<figcaption class=\"widget-image-caption wp-caption-text\">Umfassende Beratung und Betreuung vor Ort<\/figcaption>\n\t\t\t\t\t\t\t\t\t\t<\/figure>\n\t\t\t\t\t\t\t\t\t<\/div>\n\t\t\t\t<\/div>\n\t\t\t\t<div class=\"elementor-element elementor-element-30fded1 elementor-widget elementor-widget-image\" data-id=\"30fded1\" data-element_type=\"widget\" data-widget_type=\"image.default\">\n\t\t\t\t<div class=\"elementor-widget-container\">\n\t\t\t\t\t\t\t\t\t\t\t\t<figure class=\"wp-caption\">\n\t\t\t\t\t\t\t\t\t\t<img decoding=\"async\" width=\"800\" height=\"457\" src=\"https:\/\/metallbau-wetter.de\/wp-content\/uploads\/2023\/06\/hochwertige-Handwerker-Arbeiten-21x12-1-1024x585.jpg\" class=\"attachment-large size-large wp-image-212\" alt=\"\" loading=\"lazy\" srcset=\"https:\/\/metallbau-wetter.de\/wp-content\/uploads\/2023\/06\/hochwertige-Handwerker-Arbeiten-21x12-1-1024x585.jpg 1024w, https:\/\/metallbau-wetter.de\/wp-content\/uploads\/2023\/06\/hochwertige-Handwerker-Arbeiten-21x12-1-300x171.jpg 300w, https:\/\/metallbau-wetter.de\/wp-content\/uploads\/2023\/06\/hochwertige-Handwerker-Arbeiten-21x12-1-768x439.jpg 768w, https:\/\/metallbau-wetter.de\/wp-content\/uploads\/2023\/06\/hochwertige-Handwerker-Arbeiten-21x12-1-1536x878.jpg 1536w, https:\/\/metallbau-wetter.de\/wp-content\/uploads\/2023\/06\/hochwertige-Handwerker-Arbeiten-21x12-1-2048x1170.jpg 2048w\" sizes=\"(max-width: 800px) 100vw, 800px\" \/>\t\t\t\t\t\t\t\t\t\t\t<figcaption class=\"widget-image-caption wp-caption-text\">Hochwertige Handwerkerarbeiten<\/figcaption>\n\t\t\t\t\t\t\t\t\t\t<\/figure>\n\t\t\t\t\t\t\t\t\t<\/div>\n\t\t\t\t<\/div>\n\t\t\t\t<div class=\"elementor-element elementor-element-49a9c16 elementor-widget elementor-widget-image\" data-id=\"49a9c16\" data-element_type=\"widget\" data-widget_type=\"image.default\">\n\t\t\t\t<div class=\"elementor-widget-container\">\n\t\t\t\t\t\t\t\t\t\t\t\t<figure class=\"wp-caption\">\n\t\t\t\t\t\t\t\t\t\t<img decoding=\"async\" width=\"594\" height=\"342\" src=\"https:\/\/metallbau-wetter.de\/wp-content\/uploads\/2023\/06\/leistung-4.jpg\" class=\"attachment-large size-large wp-image-208\" alt=\"\" loading=\"lazy\" srcset=\"https:\/\/metallbau-wetter.de\/wp-content\/uploads\/2023\/06\/leistung-4.jpg 594w, https:\/\/metallbau-wetter.de\/wp-content\/uploads\/2023\/06\/leistung-4-300x173.jpg 300w\" sizes=\"(max-width: 594px) 100vw, 594px\" \/>\t\t\t\t\t\t\t\t\t\t\t<figcaption class=\"widget-image-caption wp-caption-text\">Alle Leistungen in h\u00f6chster Qualit\u00e4t<\/figcaption>\n\t\t\t\t\t\t\t\t\t\t<\/figure>\n\t\t\t\t\t\t\t\t\t<\/div>\n\t\t\t\t<\/div>\n\t\t\t\t<div class=\"elementor-element elementor-element-43092ba elementor-widget elementor-widget-image\" data-id=\"43092ba\" data-element_type=\"widget\" data-widget_type=\"image.default\">\n\t\t\t\t<div class=\"elementor-widget-container\">\n\t\t\t\t\t\t\t\t\t\t\t\t<figure class=\"wp-caption\">\n\t\t\t\t\t\t\t\t\t\t<img decoding=\"async\" width=\"800\" height=\"457\" src=\"https:\/\/metallbau-wetter.de\/wp-content\/uploads\/2023\/06\/TuerenTore-1024x585.jpg\" class=\"attachment-large size-large wp-image-213\" alt=\"\" loading=\"lazy\" srcset=\"https:\/\/metallbau-wetter.de\/wp-content\/uploads\/2023\/06\/TuerenTore-1024x585.jpg 1024w, https:\/\/metallbau-wetter.de\/wp-content\/uploads\/2023\/06\/TuerenTore-300x171.jpg 300w, https:\/\/metallbau-wetter.de\/wp-content\/uploads\/2023\/06\/TuerenTore-768x439.jpg 768w, https:\/\/metallbau-wetter.de\/wp-content\/uploads\/2023\/06\/TuerenTore-1536x878.jpg 1536w, https:\/\/metallbau-wetter.de\/wp-content\/uploads\/2023\/06\/TuerenTore-2048x1170.jpg 2048w\" sizes=\"(max-width: 800px) 100vw, 800px\" \/>\t\t\t\t\t\t\t\t\t\t\t<figcaption class=\"widget-image-caption wp-caption-text\">T\u00fcren Tore Z\u00e4une Gel\u00e4nder Gitter<\/figcaption>\n\t\t\t\t\t\t\t\t\t\t<\/figure>\n\t\t\t\t\t\t\t\t\t<\/div>\n\t\t\t\t<\/div>\n\t\t\t\t<div class=\"elementor-element elementor-element-4150b01 elementor-widget elementor-widget-image\" data-id=\"4150b01\" data-element_type=\"widget\" data-widget_type=\"image.default\">\n\t\t\t\t<div class=\"elementor-widget-container\">\n\t\t\t\t\t\t\t\t\t\t\t\t<figure class=\"wp-caption\">\n\t\t\t\t\t\t\t\t\t\t<img decoding=\"async\" width=\"594\" height=\"342\" src=\"https:\/\/metallbau-wetter.de\/wp-content\/uploads\/2023\/06\/leistung-6-1.jpg\" class=\"attachment-large size-large wp-image-214\" alt=\"\" loading=\"lazy\" srcset=\"https:\/\/metallbau-wetter.de\/wp-content\/uploads\/2023\/06\/leistung-6-1.jpg 594w, https:\/\/metallbau-wetter.de\/wp-content\/uploads\/2023\/06\/leistung-6-1-300x173.jpg 300w\" sizes=\"(max-width: 594px) 100vw, 594px\" \/>\t\t\t\t\t\t\t\t\t\t\t<figcaption class=\"widget-image-caption wp-caption-text\">Sonderkonstruktionen f\u00fcr Gewerbe und Privat<\/figcaption>\n\t\t\t\t\t\t\t\t\t\t<\/figure>\n\t\t\t\t\t\t\t\t\t<\/div>\n\t\t\t\t<\/div>\n\t\t\t\t\t<\/div>\n\t\t\t\t<\/div>\n\t\t\t\t\t\t\t<\/div>\n\t\t","protected":false},"excerpt":{"rendered":"<p>Verarbeitung von Stahl, Edelstahl und Aluminium Umfassende Beratung und Betreuung vor Ort Hochwertige Handwerkerarbeiten Alle Leistungen in h\u00f6chster Qualit\u00e4t T\u00fcren Tore Z\u00e4une Gel\u00e4nder Gitter Sonderkonstruktionen f\u00fcr Gewerbe und Privat<\/p>\n","protected":false},"author":1,"featured_media":0,"parent":0,"menu_order":0,"comment_status":"closed","ping_status":"closed","template":"","meta":[],"_links":{"self":[{"href":"https:\/\/metallbau-wetter.de\/index.php?rest_route=\/wp\/v2\/pages\/59"}],"collection":[{"href":"https:\/\/metallbau-wetter.de\/index.php?rest_route=\/wp\/v2\/pages"}],"about":[{"href":"https:\/\/metallbau-wetter.de\/index.php?rest_route=\/wp\/v2\/types\/page"}],"author":[{"embeddable":true,"href":"https:\/\/metallbau-wetter.de\/index.php?rest_route=\/wp\/v2\/users\/1"}],"replies":[{"embeddable":true,"href":"https:\/\/metallbau-wetter.de\/index.php?rest_route=%2Fwp%2Fv2%2Fcomments&post=59"}],"version-history":[{"count":19,"href":"https:\/\/metallbau-wetter.de\/index.php?rest_route=\/wp\/v2\/pages\/59\/revisions"}],"predecessor-version":[{"id":217,"href":"https:\/\/metallbau-wetter.de\/index.php?rest_route=\/wp\/v2\/pages\/59\/revisions\/217"}],"wp:attachment":[{"href":"https:\/\/metallbau-wetter.de\/index.php?rest_route=%2Fwp%2Fv2%2Fmedia&parent=59"}],"curies":[{"name":"wp","href":"https:\/\/api.w.org\/{rel}","templated":true}]}}